{"id":501,"date":"2017-10-18T19:17:16","date_gmt":"2017-10-18T19:17:16","guid":{"rendered":"https:\/\/www.delamode-balkans.com\/?page_id=501"},"modified":"2018-03-20T09:50:29","modified_gmt":"2018-03-20T09:50:29","slug":"delamode-socialineje-ziniasklaidoje","status":"publish","type":"page","link":"https:\/\/delamode-balkans.com\/sr\/delamode-socialineje-ziniasklaidoje\/","title":{"rendered":"Delamode u dru\u0161tvenim medijima"},"content":{"rendered":"<p><\/p>\n<p><img decoding=\"async\" class=\"size-full wp-image-837 aligncenter\" src=\"https:\/\/delamode-balkans.com\/wp-content\/uploads\/2018\/02\/social-media.jpg\" alt=\"\" width=\"100%\" srcset=\"https:\/\/delamode-balkans.com\/wp-content\/uploads\/2018\/02\/social-media.jpg 1100w, https:\/\/delamode-balkans.com\/wp-content\/uploads\/2018\/02\/social-media-300x82.jpg 300w, https:\/\/delamode-balkans.com\/wp-content\/uploads\/2018\/02\/social-media-768x209.jpg 768w, https:\/\/delamode-balkans.com\/wp-content\/uploads\/2018\/02\/social-media-1024x279.jpg 1024w\" sizes=\"(max-width: 1100px) 100vw, 1100px\" \/><\/p>\n<p>Pratite Delamode-ove profile na dru\u0161tvenim mre\u017eama da biste bili obave\u0161teni o najnovijim razvojima, novostima iz kompanije i pregledima iz Delamode grupe kompanija.<\/p>\n<ul>\n<li>Pratite Delamode na\u00a0<a href=\"https:\/\/twitter.com\/delamodegroup\">Tviteru<\/a><\/li>\n<li>Pratite Delamode na\u00a0<a href=\"http:\/\/www.linkedin.com\/company\/2260601?\">LinkedIn-u<\/a><\/li>\n<li>Pratite Delamode na\u00a0<a href=\"http:\/\/www.facebook.com\/pages\/Delamode\/418459234888692\">Fejsbuku<\/a><\/li>\n<\/ul>\n<p><\/p>","protected":false},"excerpt":{"rendered":"<p>Pratite Delamode-ove profile na dru\u0161tvenim mre\u017eama da biste bili obave\u0161teni o najnovijim razvojima, novostima iz kompanije i pregledima iz Delamode grupe kompanija. Pratite Delamode na\u00a0Tviteru Pratite Delamode na\u00a0LinkedIn-u Pratite Delamode na\u00a0Fejsbuku<\/p>\n","protected":false},"author":1,"featured_media":0,"parent":0,"menu_order":0,"comment_status":"closed","ping_status":"closed","template":"pages\/certificates.php","meta":[],"acf":[],"aioseo_notices":[],"_links":{"self":[{"href":"https:\/\/delamode-balkans.com\/sr\/wp-json\/wp\/v2\/pages\/501"}],"collection":[{"href":"https:\/\/delamode-balkans.com\/sr\/wp-json\/wp\/v2\/pages"}],"about":[{"href":"https:\/\/delamode-balkans.com\/sr\/wp-json\/wp\/v2\/types\/page"}],"author":[{"embeddable":true,"href":"https:\/\/delamode-balkans.com\/sr\/wp-json\/wp\/v2\/users\/1"}],"replies":[{"embeddable":true,"href":"https:\/\/delamode-balkans.com\/sr\/wp-json\/wp\/v2\/comments?post=501"}],"version-history":[{"count":2,"href":"https:\/\/delamode-balkans.com\/sr\/wp-json\/wp\/v2\/pages\/501\/revisions"}],"predecessor-version":[{"id":1183,"href":"https:\/\/delamode-balkans.com\/sr\/wp-json\/wp\/v2\/pages\/501\/revisions\/1183"}],"wp:attachment":[{"href":"https:\/\/delamode-balkans.com\/sr\/wp-json\/wp\/v2\/media?parent=501"}],"curies":[{"name":"wp","href":"https:\/\/api.w.org\/{rel}","templated":true}]}}